{"id":867,"date":"2011-11-20T23:46:38","date_gmt":"2011-11-20T22:46:38","guid":{"rendered":"http:\/\/www.odpod.se\/?page_id=867"},"modified":"2025-01-07T14:16:01","modified_gmt":"2025-01-07T13:16:01","slug":"om-podcasten","status":"publish","type":"page","link":"https:\/\/www.odpod.se\/index.php\/om-podcasten\/","title":{"rendered":"OM\/KONTAKT"},"content":{"rendered":"<p><strong>Obiter Dictum<\/strong> startades i mars 2010 av <strong>Tobias Norstr\u00f6m<\/strong> och <strong>Billy Rimgard<\/strong>. Podcasten \u00e4r frist\u00e5ende fr\u00e5n organisationer (utom m\u00f6jligen Illuminati, men vem \u00e4r fri fr\u00e5n dem?) och f\u00f6retag. <\/p>\n<p>Obiter Dictum sl\u00e4pps under <a href=\"https:\/\/creativecommons.org\/share-your-work\/cclicenses\/\">CC BY-NC<\/a>.<\/p>\n<p>Under aktiv s\u00e4song kommer ett nytt avsnitt av Obiter Dictum ut p\u00e5 fredagar (om inget g\u00e5r snett, vilket det g\u00f6r ibland, p\u00e5 tidig morgon). I podcasten f\u00f6rs\u00f6ker vi hitta det h\u00f6ga i det l\u00e5ga, guldet i skr\u00e4pkulturen och eskapism f\u00f6r att klara dagen. Film, musik och tv-serier \u00e4r vanligt f\u00f6rekommande \u00e4mnen. Liksom Batman. <\/p>\n<p>F\u00f6r att kontakta Obiter Dictum, maila till <strong>kontakt@odpod.se<\/strong> eller skriv till <a href=\"http:\/\/twitter.com\/#!\/odpodcast\" target=\"_blank\" rel=\"noopener\">@odpodcast<\/a>. F\u00f6r att kontakta Billy eller Tobias personligen, maila <b>billy@odpod.se<\/b> respektive <b>tobias@odpod.se<\/b>.<\/p>\n","protected":false},"excerpt":{"rendered":"<p>Obiter Dictum startades i mars 2010 av Tobias Norstr\u00f6m och Billy Rimgard. Podcasten \u00e4r frist\u00e5ende fr\u00e5n organisationer (utom m\u00f6jligen Illuminati, men vem \u00e4r fri fr\u00e5n dem?) och f\u00f6retag. Obiter Dictum sl\u00e4pps under CC BY-NC. Under aktiv s\u00e4song kommer ett nytt avsnitt av Obiter Dictum ut p\u00e5 fredagar (om inget g\u00e5r snett, vilket det g\u00f6r ibland, [&hellip;]<\/p>\n","protected":false},"author":3,"featured_media":0,"parent":0,"menu_order":0,"comment_status":"open","ping_status":"open","template":"","meta":{"_genesis_hide_title":false,"_genesis_hide_breadcrumbs":false,"_genesis_hide_singular_image":false,"_genesis_hide_footer_widgets":false,"_genesis_custom_body_class":"","_genesis_custom_post_class":"","_genesis_layout":"","footnotes":""},"class_list":{"0":"post-867","1":"page","2":"type-page","3":"status-publish","5":"entry"},"aioseo_notices":[],"_links":{"self":[{"href":"https:\/\/www.odpod.se\/index.php\/wp-json\/wp\/v2\/pages\/867","targetHints":{"allow":["GET"]}}],"collection":[{"href":"https:\/\/www.odpod.se\/index.php\/wp-json\/wp\/v2\/pages"}],"about":[{"href":"https:\/\/www.odpod.se\/index.php\/wp-json\/wp\/v2\/types\/page"}],"author":[{"embeddable":true,"href":"https:\/\/www.odpod.se\/index.php\/wp-json\/wp\/v2\/users\/3"}],"replies":[{"embeddable":true,"href":"https:\/\/www.odpod.se\/index.php\/wp-json\/wp\/v2\/comments?post=867"}],"version-history":[{"count":9,"href":"https:\/\/www.odpod.se\/index.php\/wp-json\/wp\/v2\/pages\/867\/revisions"}],"predecessor-version":[{"id":3450,"href":"https:\/\/www.odpod.se\/index.php\/wp-json\/wp\/v2\/pages\/867\/revisions\/3450"}],"wp:attachment":[{"href":"https:\/\/www.odpod.se\/index.php\/wp-json\/wp\/v2\/media?parent=867"}],"curies":[{"name":"wp","href":"https:\/\/api.w.org\/{rel}","templated":true}]}}