{"id":1245,"date":"2012-06-03T21:05:52","date_gmt":"2012-06-03T20:05:52","guid":{"rendered":"http:\/\/www.odpod.se\/?page_id=1245"},"modified":"2021-04-01T23:28:12","modified_gmt":"2021-04-01T21:28:12","slug":"specialavsnitt","status":"publish","type":"page","link":"http:\/\/www.odpod.se\/index.php\/specialavsnitt\/","title":{"rendered":"SPECIALAVSNITT"},"content":{"rendered":"<p><img loading=\"lazy\" decoding=\"async\" src=\"http:\/\/www.odpod.se\/wp-content\/uploads\/2019\/06\/odpodshare-670x352.jpg\" alt=\"\" width=\"670\" height=\"352\" class=\"alignnone size-large wp-image-2912\" srcset=\"http:\/\/www.odpod.se\/wp-content\/uploads\/2019\/06\/odpodshare-670x352.jpg 670w, http:\/\/www.odpod.se\/wp-content\/uploads\/2019\/06\/odpodshare-150x79.jpg 150w, http:\/\/www.odpod.se\/wp-content\/uploads\/2019\/06\/odpodshare-768x403.jpg 768w\" sizes=\"auto, (max-width: 670px) 100vw, 670px\" \/><\/p>\n<p>Ibland lyfter vi blicken mot horisonten och g\u00f6r avsnitt som \u00e4r lite mer genomt\u00e4nkta \u00e4n det veckovisa st\u00f6tandet och bl\u00f6tandet. H\u00e4r finns de samlade f\u00f6r dig som vill slippa tramset och g\u00e5 rakt p\u00e5 den h\u00e5rda k\u00e4rnan. Se \u00e4ven minisode-serien <a href=\"http:\/\/www.odpod.se\/index.php\/category\/fruktade-ljud\/\" target=\"_blank\" rel=\"noopener\">\u00bbFruktade ljud\u00ab<\/a>. <\/p>\n<p><img decoding=\"async\" class=\"alignnone size-full wp-image-29\" title=\"streck\" src=\"http:\/\/www.odpod.se\/wp-content\/uploads\/2010\/02\/border2.jpg\" alt=\"\" width=\"100%\" height=\"1\" srcset=\"http:\/\/www.odpod.se\/wp-content\/uploads\/2010\/02\/border2.jpg 308w, http:\/\/www.odpod.se\/wp-content\/uploads\/2010\/02\/border2-300x2.jpg 300w\" sizes=\"(max-width: 308px) 100vw, 308px\" \/><\/p>\n<p><strong>SPECIALAVSNITTEN<\/strong><\/p>\n<p><a href=\"http:\/\/www.odpod.se\/index.php\/2017\/12\/201-a-daring-attempt-to-shatter-the-boundaries-of-space-and-time-kulter-del-2\/ target=\"_blank\">UFO-kulter (#201)<\/a><br \/>\n<a href=\"http:\/\/www.odpod.se\/index.php\/2015\/05\/podcast-171-stabiliserande-verksamhet\/\" target=\"_blank\" rel=\"noopener\">Blade Runnder 2049 (#195)<\/a><br \/>\n<a href=\"http:\/\/www.odpod.se\/index.php\/2017\/07\/189-h-p-lovecraft-hemliga-kulter-del-1\/\" target=\"_blank\" rel=\"noopener\">H.P. Lovecraft (#189)<\/a><br \/>\n<a href=\"http:\/\/www.odpod.se\/index.php\/2017\/02\/11-spokskepp\/\" target=\"_blank\" rel=\"noopener\">Sp\u00f6kskepp<\/a><br \/>\n<a href=\"http:\/\/www.odpod.se\/index.php\/2016\/11\/10-magnum-opus\/\" target=\"_blank\" rel=\"noopener\">Magnum Opus<\/a><br \/>\n<a href=\"http:\/\/www.odpod.se\/index.php\/2016\/09\/9-gudar\/\" target=\"_blank\" rel=\"noopener\">Gudar<\/a><br \/>\n<a href=\"http:\/\/www.odpod.se\/index.php\/2016\/08\/8-hemliga-stader\/\" target=\"_blank\" rel=\"noopener\">Hemliga st\u00e4der<\/a><br \/>\n<a href=\"http:\/\/www.odpod.se\/index.php\/2016\/06\/7-origin-story\/\" target=\"_blank\" rel=\"noopener\">Origin Stories<\/a><br \/>\n<a href=\"http:\/\/www.odpod.se\/index.php\/2016\/03\/6-liv-i-rymden\/\" target=\"_blank\" rel=\"noopener\">Liv i rymden<\/a><br \/>\n<a href=\"http:\/\/www.odpod.se\/index.php\/2016\/02\/5-heistfilm\/\" target=\"_blank\" rel=\"noopener\">Heistfilmer<\/a><br \/>\n<a href=\"http:\/\/www.odpod.se\/index.php\/2016\/01\/star-wars\/\" target=\"_blank\" rel=\"noopener\">Star Wars<\/a><br \/>\n<a href=\"http:\/\/www.odpod.se\/index.php\/2015\/12\/hackers\/\" target=\"_blank\" rel=\"noopener\">Hackers<\/a><br \/>\n<a href=\"http:\/\/www.odpod.se\/index.php\/2015\/10\/guld\/\" target=\"_blank\" rel=\"noopener\">Guld<\/a><br \/>\n<a href=\"http:\/\/www.odpod.se\/index.php\/2015\/09\/ateruppstandelse\/\" target=\"_blank\" rel=\"noopener\">\u00c5terupptst\u00e5ndelse<\/a><br \/>\n<a href=\"http:\/\/www.odpod.se\/index.php\/2015\/05\/podcast-171-stabiliserande-verksamhet\/\" target=\"_blank\" rel=\"noopener\">Propaganda Due (#171)<\/a> &#8211; Om ett av de l\u00e4skigaste hemliga s\u00e4llskapen i modern tid.<br \/>\n<a href=\"http:\/\/www.odpod.se\/index.php\/2015\/03\/podcast-165-ninjor\/\" target=\"_blank\" rel=\"noopener\">Ninjor (#165)<\/a> &#8211; Allt om det hemliga s\u00e4llskapet av ljusskygga krigare.<br \/>\n<a href=\"http:\/\/www.odpod.se\/index.php\/2015\/02\/podcast-163-popkulturella-universum\/\" target=\"_blank\" rel=\"noopener\">Popkulturella universum (#163)<\/a> &#8211; Vilka sorts v\u00e4rldar beh\u00f6vs f\u00f6r att kunna ber\u00e4tta v\u00e5ra favoritber\u00e4ttelser?<br \/>\n<a href=\"http:\/\/www.odpod.se\/index.php\/2015\/01\/podcast-159-filmerna-som-aldrig-filmades\/\" target=\"_blank\" rel=\"noopener\">Filmerna som aldrig filmades (#159)<\/a> &#8211; Om de b\u00e4sta dr\u00f6mmarna som dog i produktionsrummet.<br \/>\n<a href=\"http:\/\/www.odpod.se\/index.php\/2014\/12\/podcast-158-the-book-of-strange-new-things\/\" target=\"_blank\" rel=\"noopener\">The Book of Strange New Things (#158)<\/a> &#8211; Bokcirkel och n\u00e4rl\u00e4sning av en udda sci-fi.<br \/>\n<a href=\"http:\/\/www.odpod.se\/index.php\/2014\/11\/podcast-154-framtidsavsnittet\/\" target=\"_blank\" rel=\"noopener\">Framtidsavsnittet (#154)<\/a> &#8211; Det d\u00e4r avsnittet som \u00e4r pinsamt att lyssna p\u00e5 om n\u00e5gra \u00e5r.<br \/>\n<a href=\"http:\/\/www.odpod.se\/index.php\/2014\/11\/podcast-152-interstellar\/\" target=\"_blank\" rel=\"noopener\">Interstellar (#152)<\/a> &#8211; Vi g\u00e5r i m\u00e5l med ett tv\u00e5 l\u00e5ngt projekt om Interstellar.<br \/>\n<a href=\"http:\/\/www.odpod.se\/index.php\/2014\/09\/podcast-143-incidenten-vid-djatlov-passet\/\" target=\"_blank\" rel=\"noopener\">Incidenten vid Djatlov-passet (#143)<\/a> &#8211; Vad d\u00f6dade egentligen ett g\u00e4ng ryska studenter p\u00e5 hajk?<br \/>\n<a href=\"http:\/\/www.odpod.se\/index.php\/2014\/06\/podcast-140-qa\/\" target=\"_blank\" rel=\"noopener\">Q&#038;A (#140)<\/a> &#8211; Ni fr\u00e5gar, vi svarar.<br \/>\n<a href=\"http:\/\/www.odpod.se\/index.php\/2014\/05\/podcast-137-hogkvarter-onda-baser\/\" target=\"_blank\" rel=\"noopener\">Det Onda H\u00f6gkvarteret (#137)<\/a> &#8211; Om skurkbaser och slug arkitektur<br \/>\n<a href=\"http:\/\/www.odpod.se\/index.php\/2014\/03\/podcast-131-pandemier-virus\/\" target=\"_blank\" rel=\"noopener\">Pandemier (#131)<\/a> &#8211; Om virus, pandemier och global utpl\u00e5ning.<br \/>\n<a href=\"http:\/\/www.odpod.se\/index.php\/2014\/01\/podcast-122-sen-sa-han-nagot-jag-inte-kunde-uppfatta-kalla-kriget-del-3\/\" target=\"_blank\" rel=\"noopener\">Kalla kriget, del 3 (#122)<\/a> &#8211; Om supermakternas rymdrace<br \/>\n<a href=\"http:\/\/www.odpod.se\/index.php\/2013\/12\/podcast-119-det-svenska-bunkerundret-kalla-kriget-del-2\/\" target=\"_blank\" rel=\"noopener\">Kalla kriget, del 2 (#119)<\/a> &#8211; Sverige under kalla kriget och det svenska bunkerundret<br \/>\n<a href=\"http:\/\/www.odpod.se\/index.php\/2013\/10\/podcast-110-att-visa-kuzkas-moder-kalla-kriget-del-1\/\" target=\"_blank\" rel=\"noopener\">Kalla kriget, del 1 (#110)<\/a> &#8211; Supermakternas hybris och galna uppfinningar<br \/>\n<a href=\"http:\/\/www.odpod.se\/index.php\/2013\/06\/podcast-109-det-ar-en-vacker-men-ocksa-bedraglig-filmform\/\" target=\"_blank\" rel=\"noopener\">Dokument\u00e4rfilm (#109)<\/a> &#8211; Om den bedr\u00e4gliga filmform som kallas dokument\u00e4r<br \/>\n<a href=\"http:\/\/www.odpod.se\/index.php\/2013\/03\/magiska-nummer-talmysti\/\" target=\"_blank\" rel=\"noopener\">Numerologi (#100)<\/a> &#8211; Om magiska nummer, kabbala och talmystik<br \/>\n<a href=\"http:\/\/www.odpod.se\/index.php\/2013\/01\/podcast-96-fringe\/\" target=\"_blank\" rel=\"noopener\">Fringe (#96)<\/a> &#8211; Vi summerar fantastiska tv-serien<br \/>\n<a href=\"http:\/\/www.odpod.se\/index.php\/2012\/11\/podcast-86-vampyrer\/\" target=\"_blank\" rel=\"noopener\">Vampyrer (#86)<\/a> &#8211; Vi s\u00e4tter t\u00e4nderna i en k\u00e4r gammal v\u00e4n<br \/>\n<a href=\"http:\/\/www.odpod.se\/index.php\/2012\/10\/podcast-83-christopher-nolans-batman\/\" target=\"_blank\" rel=\"noopener\">Christopher Nolans Batman-trilogi (#83)<\/a> &#8211; En analys av de tre filmerna i Nolans Batman-universum.<br \/>\n<a href=\"http:\/\/www.odpod.se\/index.php\/2012\/07\/podcast-81-john-carpenter\/\" target=\"_blank\" rel=\"noopener\">John Carpenter (#81)<\/a> &#8211; Vi g\u00e5r igenom John Carpenters speciella filmskatt, med hj\u00e4lp av Carpenter sj\u00e4lv.<br \/>\n<a href=\"http:\/\/www.odpod.se\/index.php\/2012\/06\/podcast-77-prometheus-alien\/\" target=\"_blank\" rel=\"noopener\">Alien-universumet (#77)<\/a> &#8211; P\u00e5 djupet med de fyra Alien-filmerna.<br \/>\n<a href=\"http:\/\/www.odpod.se\/index.php\/2012\/03\/podcast-66-avsnittet-som-kom-in-fran-kylan\/\" target=\"_blank\" rel=\"noopener\">Spioner (#66)<\/a> &#8211; Fr\u00e5n kalla kriget-romantik till Bourne: Spionen som popkulturell figur.<br \/>\n<a href=\"http:\/\/www.odpod.se\/index.php\/2011\/12\/podcast-60-the-singularity\/\" target=\"_blank\" rel=\"noopener\">The Singularity (#60)<\/a> &#8211; Vad h\u00e4nder n\u00e4r maskinerna blir intelligenta, och den m\u00e4nskliga intelligensen uppg\u00e5r i maskinerna?<br \/>\n<a href=\"http:\/\/www.odpod.se\/index.php\/2011\/05\/podcast-44-jag-vet-inte-vad-adjektivet-for-atra-ar-men\/\" target=\"_blank\" rel=\"noopener\">Night car och kanon (#44)<\/a> &#8211; Odpod ger sig ut p\u00e5 en nattlig bilf\u00e4rd, dels i jakt p\u00e5 den flyktiga musikstilen \u00bbnight car\u00ab, men ocks\u00e5 f\u00f6r att formulera en popkulturell kanon \u00f6ver vad som formade  oss.<br \/>\n<a href=\"http:\/\/www.odpod.se\/index.php\/2011\/03\/podcast-37-de-som-gar-pa-oppna-hus-visningar-blir-utsatta-for-mind-control\/\" target=\"_blank\" rel=\"noopener\">HAARP och hemliga anl\u00e4ggningar (#37)<\/a> &#8211; Konspirationer, str\u00e5lning och v\u00e4rldsherrav\u00e4lde i det tysta.<br \/>\n<a href=\"http:\/\/www.odpod.se\/index.php\/2010\/12\/podcast-32-lycka-till-i-den-nya-varlden\/\" target=\"_blank\" rel=\"noopener\">Post-apokalypsen (#32)<\/a> &#8211; Hur lever vi vidare i den post-apokalyptiska v\u00e4rlden? Vad beh\u00f6ver man f\u00f6r att \u00f6verleva? Odpod os\u00e4krar flintl\u00e5sgev\u00e4ret och tar p\u00e5 Fields of the Nephilim-skinnrocken.<br \/>\n<a href=\"http:\/\/www.odpod.se\/index.php\/2010\/12\/podcast-31-jag-tanker-pa-scenen-med-inflygningen-mot-on\/\" target=\"_blank\" rel=\"noopener\">Soundtracks (#31)<\/a> &#8211; Den b\u00e4sta filmmusiken. Vi listar favoriter och pratar musikens roll. Se \u00e4ven kommentarsf\u00e4ltet f\u00f6r m\u00e4ngder av lysande tips.<br \/>\n<a href=\"http:\/\/www.odpod.se\/index.php\/2010\/11\/podcast-26-bakom-varje-zombie-finns-ett-manniskoode\/\" target=\"_blank\" rel=\"noopener\">Zombies (#26)<\/a> &#8211; Zombiens historik och plats i dagens popkultur<br \/>\n<a href=\"http:\/\/www.odpod.se\/index.php\/2010\/10\/william-gibson-zero-history\/\" target=\"_blank\" rel=\"noopener\">\u00bbZero History\u00ab<\/a> &#8211; Bokcirkel om William Gibsons \u00bbZero History\u00ab<br \/>\n<a href=\"http:\/\/www.odpod.se\/index.php\/2010\/09\/podcast-19-big-ole-kittleson-havdar-att-han-blev-attackerad\/\" target=\"_blank\" rel=\"noopener\">Kryptozoologi (#19)<\/a> &#8211; I l\u00e4gereldshistorierna har varelser som bigfoot, kraken och sm\u00e5 oknytt en given plats. Vi g\u00e5r all in p\u00e5 den skyggare delen av zoologiforskningen.<br \/>\n<a href=\"http:\/\/www.odpod.se\/index.php\/2010\/09\/persons-unknown-rocktexter\/\" target=\"_blank\" rel=\"noopener\">Musiklyriken (#18)<\/a> &#8211; Genom intervjuer med <b>Karl X Johan<\/b> och <b>Promise and the Monster<\/b> f\u00f6rs\u00f6ker vi ringa in hur texten till musiken m\u00e5r idag.<br \/>\n<a href=\"http:\/\/www.odpod.se\/index.php\/2010\/08\/podcast-16-inception-och-arkitektur\/\" target=\"_blank\" rel=\"noopener\">\u00bbInception\u00ab (#16)<\/a> &#8211; Intervju med arkitekten <b>Fredrik Hellberg<\/b> om rummets roll i \u00bbInception\u00ab, plus analyser och genomg\u00e5ng av konceptet.<br \/>\n<a href=\"http:\/\/www.odpod.se\/index.php\/2010\/06\/blade-runner\/\" target=\"_blank\" rel=\"noopener\">Blade Runner (#15)<\/a> &#8211; Fr\u00e5n glimrande neon till dolda budskap &#8211; en och en halv timme om Ridley Scotts \u00bbBlade Runner\u00ab<br \/>\n<a href=\"http:\/\/www.odpod.se\/index.php\/2010\/06\/podcast-12-see-you-in-another-life-brother\/\" target=\"_blank\" rel=\"noopener\">\u00bbLost\u00ab (#12)<\/a> &#8211; Efter sista avsnittet av \u00bbLost\u00ab summerar vi serien. Vad var det som f\u00e5ngade oss, och blev vi besvikna p\u00e5 uppl\u00f6sningen?<br \/>\n<a href=\"http:\/\/www.odpod.se\/index.php\/2010\/04\/podcast-7-plotsligt-sitter-man-dar-och-tanker-det-vackraste-vilken-lat-det-ar\/\" target=\"_blank\" rel=\"noopener\">Guilty pleasures (#7)<\/a> &#8211; Vi sl\u00e4pper alla tankar p\u00e5 god smak och erk\u00e4nner det mindre kreddiga som f\u00e5r oss att ticka.<\/p>\n<p><img decoding=\"async\" class=\"alignnone size-full wp-image-29\" title=\"streck\" src=\"http:\/\/www.odpod.se\/wp-content\/uploads\/2010\/02\/border2.jpg\" alt=\"\" width=\"100%\" height=\"1\" srcset=\"http:\/\/www.odpod.se\/wp-content\/uploads\/2010\/02\/border2.jpg 308w, http:\/\/www.odpod.se\/wp-content\/uploads\/2010\/02\/border2-300x2.jpg 300w\" sizes=\"(max-width: 308px) 100vw, 308px\" \/><\/p>\n<p><strong>BLANDAT<\/strong><br \/>\n<a href=\"http:\/\/www.odpod.se\/index.php\/2013\/05\/fanfiction-1-will-they-wont-they\/\" target=\"_blank\" rel=\"noopener\">\u00bbWill They, Won&#8217;t They\u00ab<\/a> &#8211; Fanfiction av Elin Giss\u00e9n, inl\u00e4st av Hanna Fahl<\/p>\n<p><img decoding=\"async\" class=\"alignnone size-full wp-image-29\" title=\"streck\" src=\"http:\/\/www.odpod.se\/wp-content\/uploads\/2010\/02\/border2.jpg\" alt=\"\" width=\"100%\" height=\"1\" srcset=\"http:\/\/www.odpod.se\/wp-content\/uploads\/2010\/02\/border2.jpg 308w, http:\/\/www.odpod.se\/wp-content\/uploads\/2010\/02\/border2-300x2.jpg 300w\" sizes=\"(max-width: 308px) 100vw, 308px\" \/><\/p>\n<p><strong>AVSNITT MED G\u00c4STER<\/strong><br \/>\n<a href=\"http:\/\/www.odpod.se\/index.php\/2010\/04\/podcast-3-du-kommer-alltid-att-stota-pa-det-var-en-mork-och-stormig-natt\/\" target=\"_blank\" rel=\"noopener\">Speldesignern <b>\u00c5sa Roos<\/b> (#3)<\/a> &#8211; om spelnarrativ, speldesign och spelupplevelser.<br \/>\n<a href=\"http:\/\/www.odpod.se\/index.php\/2010\/05\/podcast-9-hur-viktig-ar-musiken-om-den-storsta-popstjarnan-bara-ar-yta\/\" target=\"_blank\" rel=\"noopener\">Musikjournalisten <b>Sara Martinsson<\/b> (#9)<\/a> &#8211; om hur den samtida popmusiken och de nya popartisterna egentligen m\u00e5r<br \/>\n<a href=\"http:\/\/www.odpod.se\/index.php\/2010\/05\/podcast-10-vi-borde-prata-om-proggens-skuld\/\" target=\"_blank\" rel=\"noopener\">Journalisten <b>Daniel Wiklander<\/b> (#10)<\/a> &#8211; om politik i popkulturen, om svenska musikers st\u00e4llningstaganden och dramatiseringar av svensk politik<br \/>\n<a href=\"http:\/\/www.odpod.se\/index.php\/2010\/10\/podcast-21-om-inte-nikita-blir-nerlagd-finns-ingen-rattvisa-pa-jorden\/\" target=\"_blank\" rel=\"noopener\">Journalisten <b>Hanna Fahl<\/b><\/a> &#8211; inf\u00f6r tv-s\u00e4songen 2010 (om \u00bbBoardwalk Empire\u00ab, \u00bbNikita\u00ab m.fl.)<\/p>\n","protected":false},"excerpt":{"rendered":"<p>Ibland lyfter vi blicken mot horisonten och g\u00f6r avsnitt som \u00e4r lite mer genomt\u00e4nkta \u00e4n det veckovisa st\u00f6tandet och bl\u00f6tandet. H\u00e4r finns de samlade f\u00f6r dig som vill slippa tramset och g\u00e5 rakt p\u00e5 den h\u00e5rda k\u00e4rnan. Se \u00e4ven minisode-serien \u00bbFruktade ljud\u00ab. SPECIALAVSNITTEN<\/p>\n","protected":false},"author":3,"featured_media":0,"parent":0,"menu_order":0,"comment_status":"open","ping_status":"open","template":"","meta":{"_genesis_hide_title":false,"_genesis_hide_breadcrumbs":false,"_genesis_hide_singular_image":false,"_genesis_hide_footer_widgets":false,"_genesis_custom_body_class":"","_genesis_custom_post_class":"","_genesis_layout":"","footnotes":""},"class_list":{"0":"post-1245","1":"page","2":"type-page","3":"status-publish","5":"entry"},"aioseo_notices":[],"_links":{"self":[{"href":"http:\/\/www.odpod.se\/index.php\/wp-json\/wp\/v2\/pages\/1245","targetHints":{"allow":["GET"]}}],"collection":[{"href":"http:\/\/www.odpod.se\/index.php\/wp-json\/wp\/v2\/pages"}],"about":[{"href":"http:\/\/www.odpod.se\/index.php\/wp-json\/wp\/v2\/types\/page"}],"author":[{"embeddable":true,"href":"http:\/\/www.odpod.se\/index.php\/wp-json\/wp\/v2\/users\/3"}],"replies":[{"embeddable":true,"href":"http:\/\/www.odpod.se\/index.php\/wp-json\/wp\/v2\/comments?post=1245"}],"version-history":[{"count":28,"href":"http:\/\/www.odpod.se\/index.php\/wp-json\/wp\/v2\/pages\/1245\/revisions"}],"predecessor-version":[{"id":3105,"href":"http:\/\/www.odpod.se\/index.php\/wp-json\/wp\/v2\/pages\/1245\/revisions\/3105"}],"wp:attachment":[{"href":"http:\/\/www.odpod.se\/index.php\/wp-json\/wp\/v2\/media?parent=1245"}],"curies":[{"name":"wp","href":"https:\/\/api.w.org\/{rel}","templated":true}]}}