{"id":1237,"date":"2012-06-02T21:08:56","date_gmt":"2012-06-02T20:08:56","guid":{"rendered":"http:\/\/www.odpod.se\/?page_id=1237"},"modified":"2014-02-21T02:20:39","modified_gmt":"2014-02-20T22:20:39","slug":"signaturmusik","status":"publish","type":"page","link":"http:\/\/www.odpod.se\/index.php\/signaturmusik\/","title":{"rendered":"SIGNATURMUSIK"},"content":{"rendered":"<p>I b\u00f6rjan var Obiter Dictums signatur en seg, stum trudelutt, ihopsl\u00e4ngd p\u00e5 en timme eftersom signatur saknades. F\u00f6r varje s\u00e4song som gick blev den lite mer genomarbetad, och till slut fick vi ett par feta remixer.<\/p>\n<p><a href=\"http:\/\/boeoeskaelstigen.co.uk\/\" target=\"_blank\">Boeoes Kaelstigen<\/a> gav sig n\u00e4mligen p\u00e5 Odpod-signaturen med en grym omarbetning. Det blev v\u00e5rt tema under s\u00e4song 5. Ladda ner full\u00e4ngdsversionen av Boeoes Kaelstigens signatur h\u00e4r:<br \/>\n<a href=\"http:\/\/www.odpod.se\/ljud\/Boeoes_Kaelstigen-Odpod_Remixus.mp3\" target=\"_blank\">Boeoes Kaelstigen &#8211; \u00bbOdpod Remixus\u00ab<\/a> (mp3)<\/p>\n<p>Sedan sl\u00e4ngde vi ut fr\u00e5gan om n\u00e5gon kunde g\u00f6ra en chipremix och <b>Fobb<\/b> levererade:<br \/>\n<a href=\"http:\/\/www.odpod.se\/ljud\/Fobb-Odpod-chiptech-remixus.mp3\">Fobb &#8211; \u00bbOdpod Chiptech Remixus\u00ab<\/a> (mp3) <\/p>\n<p><strong>SIGNATUREN SOM RINGSIGNAL<\/strong><\/p>\n<p>Vi fick fr\u00e5gan om vi inte kunde l\u00e4gga ut en ringsignalsversion av signaturen. Vi vill ju g\u00e4rna att du driver din omgivning till vanvett med den h\u00e4r irriterande saken s\u00e5 h\u00e4r \u00e4r just en s\u00e5dan av signaturen till s\u00e4song 6.<\/p>\n<p><a href=\"http:\/\/www.odpod.se\/ljud\/odpod-ringtone.mp3\">Odpod s\u00e4song 6 &#8211; ringsignal (.mp3)<\/a><br \/>\n<a href=\"http:\/\/www.odpod.se\/ljud\/odpod-ringtone.m4r\">Odpod s\u00e4song 6 &#8211; ringsignal f\u00f6r iPhone (.m4r)<\/a><\/p>\n","protected":false},"excerpt":{"rendered":"<p>I b\u00f6rjan var Obiter Dictums signatur en seg, stum trudelutt, ihopsl\u00e4ngd p\u00e5 en timme eftersom signatur saknades. F\u00f6r varje s\u00e4song som gick blev den lite mer genomarbetad, och till slut fick vi ett par feta remixer. Boeoes Kaelstigen gav sig n\u00e4mligen p\u00e5 Odpod-signaturen med en grym omarbetning. Det blev v\u00e5rt tema under s\u00e4song 5. Ladda [&hellip;]<\/p>\n","protected":false},"author":3,"featured_media":0,"parent":0,"menu_order":0,"comment_status":"open","ping_status":"open","template":"","meta":{"_genesis_hide_title":false,"_genesis_hide_breadcrumbs":false,"_genesis_hide_singular_image":false,"_genesis_hide_footer_widgets":false,"_genesis_custom_body_class":"","_genesis_custom_post_class":"","_genesis_layout":"","footnotes":""},"class_list":{"0":"post-1237","1":"page","2":"type-page","3":"status-publish","5":"entry"},"aioseo_notices":[],"_links":{"self":[{"href":"http:\/\/www.odpod.se\/index.php\/wp-json\/wp\/v2\/pages\/1237","targetHints":{"allow":["GET"]}}],"collection":[{"href":"http:\/\/www.odpod.se\/index.php\/wp-json\/wp\/v2\/pages"}],"about":[{"href":"http:\/\/www.odpod.se\/index.php\/wp-json\/wp\/v2\/types\/page"}],"author":[{"embeddable":true,"href":"http:\/\/www.odpod.se\/index.php\/wp-json\/wp\/v2\/users\/3"}],"replies":[{"embeddable":true,"href":"http:\/\/www.odpod.se\/index.php\/wp-json\/wp\/v2\/comments?post=1237"}],"version-history":[{"count":11,"href":"http:\/\/www.odpod.se\/index.php\/wp-json\/wp\/v2\/pages\/1237\/revisions"}],"predecessor-version":[{"id":2249,"href":"http:\/\/www.odpod.se\/index.php\/wp-json\/wp\/v2\/pages\/1237\/revisions\/2249"}],"wp:attachment":[{"href":"http:\/\/www.odpod.se\/index.php\/wp-json\/wp\/v2\/media?parent=1237"}],"curies":[{"name":"wp","href":"https:\/\/api.w.org\/{rel}","templated":true}]}}